{"id":372,"date":"2025-10-02T15:53:28","date_gmt":"2025-10-02T18:53:28","guid":{"rendered":"https:\/\/staging2.irisemacao.com\/?page_id=372"},"modified":"2025-10-05T22:00:58","modified_gmt":"2025-10-06T01:00:58","slug":"blog","status":"publish","type":"page","link":"https:\/\/staging2.irisemacao.com\/index.php\/blog\/","title":{"rendered":"Blog"},"content":{"rendered":"\t\t<div data-elementor-type=\"wp-page\" data-elementor-id=\"372\" class=\"elementor elementor-372\" data-elementor-post-type=\"page\">\n\t\t\t\t<div class=\"elementor-element elementor-element-28e69001 e-flex e-con-boxed e-con e-parent\" data-id=\"28e69001\" data-element_type=\"container\" data-settings=\"{&quot;background_background&quot;:&quot;classic&quot;}\">\n\t\t\t\t\t<div class=\"e-con-inner\">\n\t\t\t\t<div class=\"elementor-element elementor-element-8265c81 elementor-widget__width-inherit elementor-widget elementor-widget-heading\" data-id=\"8265c81\" data-element_type=\"widget\" data-widget_type=\"heading.default\">\n\t\t\t\t<div class=\"elementor-widget-container\">\n\t\t\t\t\t<h2 class=\"elementor-heading-title elementor-size-default\">Blog<\/h2>\t\t\t\t<\/div>\n\t\t\t\t<\/div>\n\t\t\t\t\t<\/div>\n\t\t\t\t<\/div>\n\t\t<div class=\"elementor-element elementor-element-f96eb8a e-flex e-con-boxed e-con e-parent\" data-id=\"f96eb8a\" data-element_type=\"container\" data-settings=\"{&quot;background_background&quot;:&quot;classic&quot;}\">\n\t\t\t\t\t<div class=\"e-con-inner\">\n\t\t\t\t<div class=\"elementor-element elementor-element-04532eb elementor-posts--align-left elementor-grid-3 elementor-grid-tablet-2 elementor-grid-mobile-1 elementor-posts--thumbnail-top load-more-align-center elementor-widget elementor-widget-posts\" data-id=\"04532eb\" data-element_type=\"widget\" data-settings=\"{&quot;pagination_type&quot;:&quot;load_more_on_click&quot;,&quot;load_more_spinner&quot;:{&quot;value&quot;:&quot;&quot;,&quot;library&quot;:&quot;&quot;},&quot;classic_columns&quot;:&quot;3&quot;,&quot;classic_columns_tablet&quot;:&quot;2&quot;,&quot;classic_columns_mobile&quot;:&quot;1&quot;,&quot;classic_row_gap&quot;:{&quot;unit&quot;:&quot;px&quot;,&quot;size&quot;:35,&quot;sizes&quot;:[]},&quot;classic_row_gap_tablet&quot;:{&quot;unit&quot;:&quot;px&quot;,&quot;size&quot;:&quot;&quot;,&quot;sizes&quot;:[]},&quot;classic_row_gap_mobile&quot;:{&quot;unit&quot;:&quot;px&quot;,&quot;size&quot;:&quot;&quot;,&quot;sizes&quot;:[]}}\" data-widget_type=\"posts.classic\">\n\t\t\t\t<div class=\"elementor-widget-container\">\n\t\t\t\t\t\t\t<div class=\"elementor-posts-container elementor-posts elementor-posts--skin-classic elementor-grid\" role=\"list\">\n\t\t\t\t<article class=\"elementor-post elementor-grid-item post-333 post type-post status-publish format-standard has-post-thumbnail hentry category-geral\" role=\"listitem\">\n\t\t\t\t<a class=\"elementor-post__thumbnail__link\" href=\"https:\/\/staging2.irisemacao.com\/index.php\/2025\/10\/02\/os-5-erros-mais-comuns-em-contratos-e-como-evita-los\/\" tabindex=\"-1\" >\n\t\t\t<div class=\"elementor-post__thumbnail\"><img fetchpriority=\"high\" decoding=\"async\" width=\"400\" height=\"300\" src=\"https:\/\/staging2.irisemacao.com\/wp-content\/uploads\/2024\/12\/0-1.jpg\" class=\"attachment-full size-full wp-image-17\" alt=\"\" srcset=\"https:\/\/staging2.irisemacao.com\/wp-content\/uploads\/2024\/12\/0-1.jpg 400w, https:\/\/staging2.irisemacao.com\/wp-content\/uploads\/2024\/12\/0-1-300x225.jpg 300w\" sizes=\"(max-width: 400px) 100vw, 400px\" \/><\/div>\n\t\t<\/a>\n\t\t\t\t<div class=\"elementor-post__text\">\n\t\t\t\t<h3 class=\"elementor-post__title\">\n\t\t\t<a href=\"https:\/\/staging2.irisemacao.com\/index.php\/2025\/10\/02\/os-5-erros-mais-comuns-em-contratos-e-como-evita-los\/\" >\n\t\t\t\tOs 5 erros mais comuns em contratos e como evit\u00e1-los\t\t\t<\/a>\n\t\t<\/h3>\n\t\t\t\t<div class=\"elementor-post__meta-data\">\n\t\t\t\t\t<span class=\"elementor-post-date\">\n\t\t\t2 de outubro de 2025\t\t<\/span>\n\t\t\t\t<\/div>\n\t\t\t\t<div class=\"elementor-post__excerpt\">\n\t\t\t<p>Lorem ipsum dolor sit amet, consectetur adipiscing elit. Nulla non purus sed odio fringilla cursus. Fusce a nibh tellus. Nunc sagittis libero rutrum dictum ultricies. Praesent at enim et nisl<\/p>\n\t\t<\/div>\n\t\t\n\t\t<a class=\"elementor-post__read-more\" href=\"https:\/\/staging2.irisemacao.com\/index.php\/2025\/10\/02\/os-5-erros-mais-comuns-em-contratos-e-como-evita-los\/\" aria-label=\"Leia mais sobre Os 5 erros mais comuns em contratos e como evit\u00e1-los\" tabindex=\"-1\" >\n\t\t\tLeia mais \u00bb\t\t<\/a>\n\n\t\t\t\t<\/div>\n\t\t\t\t<\/article>\n\t\t\t\t<article class=\"elementor-post elementor-grid-item post-331 post type-post status-publish format-standard has-post-thumbnail hentry category-consumidor\" role=\"listitem\">\n\t\t\t\t<a class=\"elementor-post__thumbnail__link\" href=\"https:\/\/staging2.irisemacao.com\/index.php\/2025\/10\/02\/direitos-do-consumidor-o-que-voce-precisa-saber\/\" tabindex=\"-1\" >\n\t\t\t<div class=\"elementor-post__thumbnail\"><img decoding=\"async\" width=\"400\" height=\"300\" src=\"https:\/\/staging2.irisemacao.com\/wp-content\/uploads\/2024\/12\/Artboard-1-copy-4.jpg\" class=\"attachment-full size-full wp-image-25\" alt=\"\" srcset=\"https:\/\/staging2.irisemacao.com\/wp-content\/uploads\/2024\/12\/Artboard-1-copy-4.jpg 400w, https:\/\/staging2.irisemacao.com\/wp-content\/uploads\/2024\/12\/Artboard-1-copy-4-300x225.jpg 300w\" sizes=\"(max-width: 400px) 100vw, 400px\" \/><\/div>\n\t\t<\/a>\n\t\t\t\t<div class=\"elementor-post__text\">\n\t\t\t\t<h3 class=\"elementor-post__title\">\n\t\t\t<a href=\"https:\/\/staging2.irisemacao.com\/index.php\/2025\/10\/02\/direitos-do-consumidor-o-que-voce-precisa-saber\/\" >\n\t\t\t\tDireitos do consumidor: O que voc\u00ea precisa saber?\t\t\t<\/a>\n\t\t<\/h3>\n\t\t\t\t<div class=\"elementor-post__meta-data\">\n\t\t\t\t\t<span class=\"elementor-post-date\">\n\t\t\t2 de outubro de 2025\t\t<\/span>\n\t\t\t\t<\/div>\n\t\t\t\t<div class=\"elementor-post__excerpt\">\n\t\t\t<p>Lorem ipsum dolor sit amet, consectetur adipiscing elit. Nulla non purus sed odio fringilla cursus. Fusce a nibh tellus. Nunc sagittis libero rutrum dictum ultricies. Praesent at enim et nisl<\/p>\n\t\t<\/div>\n\t\t\n\t\t<a class=\"elementor-post__read-more\" href=\"https:\/\/staging2.irisemacao.com\/index.php\/2025\/10\/02\/direitos-do-consumidor-o-que-voce-precisa-saber\/\" aria-label=\"Leia mais sobre Direitos do consumidor: O que voc\u00ea precisa saber?\" tabindex=\"-1\" >\n\t\t\tLeia mais \u00bb\t\t<\/a>\n\n\t\t\t\t<\/div>\n\t\t\t\t<\/article>\n\t\t\t\t<article class=\"elementor-post elementor-grid-item post-329 post type-post status-publish format-standard has-post-thumbnail hentry category-familiar\" role=\"listitem\">\n\t\t\t\t<a class=\"elementor-post__thumbnail__link\" href=\"https:\/\/staging2.irisemacao.com\/index.php\/2025\/10\/02\/como-funciona-o-divorcio-no-brasil-um-guia-passo-a-passo\/\" tabindex=\"-1\" >\n\t\t\t<div class=\"elementor-post__thumbnail\"><img decoding=\"async\" width=\"400\" height=\"300\" src=\"https:\/\/staging2.irisemacao.com\/wp-content\/uploads\/2024\/12\/0-2.jpg\" class=\"attachment-full size-full wp-image-18\" alt=\"\" srcset=\"https:\/\/staging2.irisemacao.com\/wp-content\/uploads\/2024\/12\/0-2.jpg 400w, https:\/\/staging2.irisemacao.com\/wp-content\/uploads\/2024\/12\/0-2-300x225.jpg 300w\" sizes=\"(max-width: 400px) 100vw, 400px\" \/><\/div>\n\t\t<\/a>\n\t\t\t\t<div class=\"elementor-post__text\">\n\t\t\t\t<h3 class=\"elementor-post__title\">\n\t\t\t<a href=\"https:\/\/staging2.irisemacao.com\/index.php\/2025\/10\/02\/como-funciona-o-divorcio-no-brasil-um-guia-passo-a-passo\/\" >\n\t\t\t\tComo funciona o div\u00f3rcio no Brasil: Um guia passo a passo\t\t\t<\/a>\n\t\t<\/h3>\n\t\t\t\t<div class=\"elementor-post__meta-data\">\n\t\t\t\t\t<span class=\"elementor-post-date\">\n\t\t\t2 de outubro de 2025\t\t<\/span>\n\t\t\t\t<\/div>\n\t\t\t\t<div class=\"elementor-post__excerpt\">\n\t\t\t<p>Lorem ipsum dolor sit amet, consectetur adipiscing elit. Nulla non purus sed odio fringilla cursus. Fusce a nibh tellus. Nunc sagittis libero rutrum dictum ultricies. Praesent at enim et nisl<\/p>\n\t\t<\/div>\n\t\t\n\t\t<a class=\"elementor-post__read-more\" href=\"https:\/\/staging2.irisemacao.com\/index.php\/2025\/10\/02\/como-funciona-o-divorcio-no-brasil-um-guia-passo-a-passo\/\" aria-label=\"Leia mais sobre Como funciona o div\u00f3rcio no Brasil: Um guia passo a passo\" tabindex=\"-1\" >\n\t\t\tLeia mais \u00bb\t\t<\/a>\n\n\t\t\t\t<\/div>\n\t\t\t\t<\/article>\n\t\t\t\t<article class=\"elementor-post elementor-grid-item post-327 post type-post status-publish format-standard has-post-thumbnail hentry category-familiar\" role=\"listitem\">\n\t\t\t\t<a class=\"elementor-post__thumbnail__link\" href=\"https:\/\/staging2.irisemacao.com\/index.php\/2025\/10\/02\/inventario-e-partilha-de-bens-o-que-voce-deve-saber\/\" tabindex=\"-1\" >\n\t\t\t<div class=\"elementor-post__thumbnail\"><img loading=\"lazy\" decoding=\"async\" width=\"400\" height=\"300\" src=\"https:\/\/staging2.irisemacao.com\/wp-content\/uploads\/2024\/12\/0-3.jpg\" class=\"attachment-full size-full wp-image-19\" alt=\"\" srcset=\"https:\/\/staging2.irisemacao.com\/wp-content\/uploads\/2024\/12\/0-3.jpg 400w, https:\/\/staging2.irisemacao.com\/wp-content\/uploads\/2024\/12\/0-3-300x225.jpg 300w\" sizes=\"(max-width: 400px) 100vw, 400px\" \/><\/div>\n\t\t<\/a>\n\t\t\t\t<div class=\"elementor-post__text\">\n\t\t\t\t<h3 class=\"elementor-post__title\">\n\t\t\t<a href=\"https:\/\/staging2.irisemacao.com\/index.php\/2025\/10\/02\/inventario-e-partilha-de-bens-o-que-voce-deve-saber\/\" >\n\t\t\t\tInvent\u00e1rio e partilha de bens: O que voc\u00ea deve saber\t\t\t<\/a>\n\t\t<\/h3>\n\t\t\t\t<div class=\"elementor-post__meta-data\">\n\t\t\t\t\t<span class=\"elementor-post-date\">\n\t\t\t2 de outubro de 2025\t\t<\/span>\n\t\t\t\t<\/div>\n\t\t\t\t<div class=\"elementor-post__excerpt\">\n\t\t\t<p>Lorem ipsum dolor sit amet, consectetur adipiscing elit. Nulla non purus sed odio fringilla cursus. Fusce a nibh tellus. Nunc sagittis libero rutrum dictum ultricies. Praesent at enim et nisl<\/p>\n\t\t<\/div>\n\t\t\n\t\t<a class=\"elementor-post__read-more\" href=\"https:\/\/staging2.irisemacao.com\/index.php\/2025\/10\/02\/inventario-e-partilha-de-bens-o-que-voce-deve-saber\/\" aria-label=\"Leia mais sobre Invent\u00e1rio e partilha de bens: O que voc\u00ea deve saber\" tabindex=\"-1\" >\n\t\t\tLeia mais \u00bb\t\t<\/a>\n\n\t\t\t\t<\/div>\n\t\t\t\t<\/article>\n\t\t\t\t<article class=\"elementor-post elementor-grid-item post-325 post type-post status-publish format-standard has-post-thumbnail hentry category-geral\" role=\"listitem\">\n\t\t\t\t<a class=\"elementor-post__thumbnail__link\" href=\"https:\/\/staging2.irisemacao.com\/index.php\/2025\/10\/02\/entenda-o-que-e-compliance-e-a-sua-importancia-para-empresa\/\" tabindex=\"-1\" >\n\t\t\t<div class=\"elementor-post__thumbnail\"><img loading=\"lazy\" decoding=\"async\" width=\"400\" height=\"300\" src=\"https:\/\/staging2.irisemacao.com\/wp-content\/uploads\/2024\/12\/0-4.jpg\" class=\"attachment-full size-full wp-image-20\" alt=\"\" srcset=\"https:\/\/staging2.irisemacao.com\/wp-content\/uploads\/2024\/12\/0-4.jpg 400w, https:\/\/staging2.irisemacao.com\/wp-content\/uploads\/2024\/12\/0-4-300x225.jpg 300w\" sizes=\"(max-width: 400px) 100vw, 400px\" \/><\/div>\n\t\t<\/a>\n\t\t\t\t<div class=\"elementor-post__text\">\n\t\t\t\t<h3 class=\"elementor-post__title\">\n\t\t\t<a href=\"https:\/\/staging2.irisemacao.com\/index.php\/2025\/10\/02\/entenda-o-que-e-compliance-e-a-sua-importancia-para-empresa\/\" >\n\t\t\t\tEntenda o que \u00e9 compliance e a sua import\u00e2ncia para empresa\t\t\t<\/a>\n\t\t<\/h3>\n\t\t\t\t<div class=\"elementor-post__meta-data\">\n\t\t\t\t\t<span class=\"elementor-post-date\">\n\t\t\t2 de outubro de 2025\t\t<\/span>\n\t\t\t\t<\/div>\n\t\t\t\t<div class=\"elementor-post__excerpt\">\n\t\t\t<p>Lorem ipsum dolor sit amet, consectetur adipiscing elit. Nulla non purus sed odio fringilla cursus. Fusce a nibh tellus. Nunc sagittis libero rutrum dictum ultricies. Praesent at enim et nisl<\/p>\n\t\t<\/div>\n\t\t\n\t\t<a class=\"elementor-post__read-more\" href=\"https:\/\/staging2.irisemacao.com\/index.php\/2025\/10\/02\/entenda-o-que-e-compliance-e-a-sua-importancia-para-empresa\/\" aria-label=\"Leia mais sobre Entenda o que \u00e9 compliance e a sua import\u00e2ncia para empresa\" tabindex=\"-1\" >\n\t\t\tLeia mais \u00bb\t\t<\/a>\n\n\t\t\t\t<\/div>\n\t\t\t\t<\/article>\n\t\t\t\t<article class=\"elementor-post elementor-grid-item post-396 post type-post status-publish format-standard has-post-thumbnail hentry category-familiar\" role=\"listitem\">\n\t\t\t\t<a class=\"elementor-post__thumbnail__link\" href=\"https:\/\/staging2.irisemacao.com\/index.php\/2024\/12\/13\/postagem-de-exemplo-02\/\" tabindex=\"-1\" >\n\t\t\t<div class=\"elementor-post__thumbnail\"><img decoding=\"async\" width=\"400\" height=\"300\" src=\"https:\/\/staging2.irisemacao.com\/wp-content\/uploads\/2024\/12\/0-2.jpg\" class=\"attachment-full size-full wp-image-18\" alt=\"\" srcset=\"https:\/\/staging2.irisemacao.com\/wp-content\/uploads\/2024\/12\/0-2.jpg 400w, https:\/\/staging2.irisemacao.com\/wp-content\/uploads\/2024\/12\/0-2-300x225.jpg 300w\" sizes=\"(max-width: 400px) 100vw, 400px\" \/><\/div>\n\t\t<\/a>\n\t\t\t\t<div class=\"elementor-post__text\">\n\t\t\t\t<h3 class=\"elementor-post__title\">\n\t\t\t<a href=\"https:\/\/staging2.irisemacao.com\/index.php\/2024\/12\/13\/postagem-de-exemplo-02\/\" >\n\t\t\t\tPostagem de exemplo 02\t\t\t<\/a>\n\t\t<\/h3>\n\t\t\t\t<div class=\"elementor-post__meta-data\">\n\t\t\t\t\t<span class=\"elementor-post-date\">\n\t\t\t13 de dezembro de 2024\t\t<\/span>\n\t\t\t\t<\/div>\n\t\t\t\t<div class=\"elementor-post__excerpt\">\n\t\t\t<p>Lorem ipsum dolor sit amet, consectetur adipiscing elit. Nulla non purus sed odio fringilla cursus. Fusce a nibh tellus. Nunc sagittis libero rutrum dictum ultricies. Praesent at enim et nisl<\/p>\n\t\t<\/div>\n\t\t\n\t\t<a class=\"elementor-post__read-more\" href=\"https:\/\/staging2.irisemacao.com\/index.php\/2024\/12\/13\/postagem-de-exemplo-02\/\" aria-label=\"Leia mais sobre Postagem de exemplo 02\" tabindex=\"-1\" >\n\t\t\tLeia mais \u00bb\t\t<\/a>\n\n\t\t\t\t<\/div>\n\t\t\t\t<\/article>\n\t\t\t\t<\/div>\n\t\t\n\t\t\t\t<div class=\"e-load-more-anchor\" data-page=\"1\" data-max-page=\"2\" data-next-page=\"https:\/\/staging2.irisemacao.com\/index.php\/wp-json\/wp\/v2\/pages\/372\/page\/2\/\"><\/div>\n\t\t\t\t<div class=\"elementor-button-wrapper\">\n\t\t\t<a class=\"elementor-button elementor-size-sm\" role=\"button\">\n\t\t\t\t\t\t<span class=\"elementor-button-content-wrapper\">\n\t\t\t\t\t\t\t<span class=\"elementor-button-icon\">\n\t\t\t\t<svg aria-hidden=\"true\" class=\"e-font-icon-svg e-far-arrow-alt-circle-down\" viewBox=\"0 0 512 512\" xmlns=\"http:\/\/www.w3.org\/2000\/svg\"><path d=\"M256 8C119 8 8 119 8 256s111 248 248 248 248-111 248-248S393 8 256 8zm0 448c-110.5 0-200-89.5-200-200S145.5 56 256 56s200 89.5 200 200-89.5 200-200 200zm-32-316v116h-67c-10.7 0-16 12.9-8.5 20.5l99 99c4.7 4.7 12.3 4.7 17 0l99-99c7.6-7.6 2.2-20.5-8.5-20.5h-67V140c0-6.6-5.4-12-12-12h-40c-6.6 0-12 5.4-12 12z\"><\/path><\/svg>\t\t\t<\/span>\n\t\t\t\t\t\t\t\t\t<span class=\"elementor-button-text\">Carregar mais<\/span>\n\t\t\t\t\t<\/span>\n\t\t\t\t\t<\/a>\n\t\t<\/div>\n\t\t\t\t<div class=\"e-load-more-message\"><\/div>\n\t\t\t\t\t\t<\/div>\n\t\t\t\t<\/div>\n\t\t\t\t<div class=\"elementor-element elementor-element-972df1d elementor-widget elementor-widget-spacer\" data-id=\"972df1d\" data-element_type=\"widget\" data-widget_type=\"spacer.default\">\n\t\t\t\t<div class=\"elementor-widget-container\">\n\t\t\t\t\t\t\t<div class=\"elementor-spacer\">\n\t\t\t<div class=\"elementor-spacer-inner\"><\/div>\n\t\t<\/div>\n\t\t\t\t\t\t<\/div>\n\t\t\t\t<\/div>\n\t\t\t\t<div class=\"elementor-element elementor-element-b62d704 elementor-widget elementor-widget-button\" data-id=\"b62d704\" data-element_type=\"widget\" data-widget_type=\"button.default\">\n\t\t\t\t<div class=\"elementor-widget-container\">\n\t\t\t\t\t\t\t\t\t<div class=\"elementor-button-wrapper\">\n\t\t\t\t\t<a class=\"elementor-button elementor-button-link elementor-size-sm\" href=\"#\">\n\t\t\t\t\t\t<span class=\"elementor-button-content-wrapper\">\n\t\t\t\t\t\t<span class=\"elementor-button-icon\">\n\t\t\t\t<svg aria-hidden=\"true\" class=\"e-font-icon-svg e-far-arrow-alt-circle-down\" viewBox=\"0 0 512 512\" xmlns=\"http:\/\/www.w3.org\/2000\/svg\"><path d=\"M256 8C119 8 8 119 8 256s111 248 248 248 248-111 248-248S393 8 256 8zm0 448c-110.5 0-200-89.5-200-200S145.5 56 256 56s200 89.5 200 200-89.5 200-200 200zm-32-316v116h-67c-10.7 0-16 12.9-8.5 20.5l99 99c4.7 4.7 12.3 4.7 17 0l99-99c7.6-7.6 2.2-20.5-8.5-20.5h-67V140c0-6.6-5.4-12-12-12h-40c-6.6 0-12 5.4-12 12z\"><\/path><\/svg>\t\t\t<\/span>\n\t\t\t\t\t\t\t\t\t<span class=\"elementor-button-text\">Ver mais<\/span>\n\t\t\t\t\t<\/span>\n\t\t\t\t\t<\/a>\n\t\t\t\t<\/div>\n\t\t\t\t\t\t\t\t<\/div>\n\t\t\t\t<\/div>\n\t\t\t\t\t<\/div>\n\t\t\t\t<\/div>\n\t\t\t\t<\/div>\n\t\t","protected":false},"excerpt":{"rendered":"<p>Blog Ver mais<\/p>\n","protected":false},"author":1,"featured_media":29,"parent":0,"menu_order":0,"comment_status":"closed","ping_status":"closed","template":"","meta":{"footnotes":""},"class_list":["post-372","page","type-page","status-publish","has-post-thumbnail","hentry"],"yoast_head":"<!-- This site is optimized with the Yoast SEO plugin v26.1 - https:\/\/yoast.com\/wordpress\/plugins\/seo\/ -->\n<title>Blog - Advocate - Your voice for justice<\/title>\n<meta name=\"robots\" content=\"noindex, follow, max-snippet:-1, max-image-preview:large, max-video-preview:-1\" \/>\n<meta property=\"og:locale\" content=\"pt_BR\" \/>\n<meta property=\"og:type\" content=\"article\" \/>\n<meta property=\"og:title\" content=\"Blog - Advocate - Your voice for justice\" \/>\n<meta property=\"og:description\" content=\"Blog Ver mais\" \/>\n<meta property=\"og:url\" content=\"https:\/\/staging2.irisemacao.com\/index.php\/blog\/\" \/>\n<meta property=\"og:site_name\" content=\"Advocate - Your voice for justice\" \/>\n<meta property=\"article:modified_time\" content=\"2025-10-06T01:00:58+00:00\" \/>\n<meta property=\"og:image\" content=\"https:\/\/staging2.irisemacao.com\/wp-content\/uploads\/2024\/12\/favicon.png\" \/>\n\t<meta property=\"og:image:width\" content=\"202\" \/>\n\t<meta property=\"og:image:height\" content=\"202\" \/>\n\t<meta property=\"og:image:type\" content=\"image\/png\" \/>\n<meta name=\"twitter:card\" content=\"summary_large_image\" \/>\n<meta name=\"twitter:label1\" content=\"Est. tempo de leitura\" \/>\n\t<meta name=\"twitter:data1\" content=\"1 minuto\" \/>\n<script type=\"application\/ld+json\" class=\"yoast-schema-graph\">{\"@context\":\"https:\/\/schema.org\",\"@graph\":[{\"@type\":\"WebPage\",\"@id\":\"https:\/\/staging2.irisemacao.com\/index.php\/blog\/\",\"url\":\"https:\/\/staging2.irisemacao.com\/index.php\/blog\/\",\"name\":\"Blog - Advocate - Your voice for justice\",\"isPartOf\":{\"@id\":\"https:\/\/staging2.irisemacao.com\/#website\"},\"primaryImageOfPage\":{\"@id\":\"https:\/\/staging2.irisemacao.com\/index.php\/blog\/#primaryimage\"},\"image\":{\"@id\":\"https:\/\/staging2.irisemacao.com\/index.php\/blog\/#primaryimage\"},\"thumbnailUrl\":\"https:\/\/staging2.irisemacao.com\/wp-content\/uploads\/2024\/12\/favicon.png\",\"datePublished\":\"2025-10-02T18:53:28+00:00\",\"dateModified\":\"2025-10-06T01:00:58+00:00\",\"breadcrumb\":{\"@id\":\"https:\/\/staging2.irisemacao.com\/index.php\/blog\/#breadcrumb\"},\"inLanguage\":\"pt-BR\",\"potentialAction\":[{\"@type\":\"ReadAction\",\"target\":[\"https:\/\/staging2.irisemacao.com\/index.php\/blog\/\"]}]},{\"@type\":\"ImageObject\",\"inLanguage\":\"pt-BR\",\"@id\":\"https:\/\/staging2.irisemacao.com\/index.php\/blog\/#primaryimage\",\"url\":\"https:\/\/staging2.irisemacao.com\/wp-content\/uploads\/2024\/12\/favicon.png\",\"contentUrl\":\"https:\/\/staging2.irisemacao.com\/wp-content\/uploads\/2024\/12\/favicon.png\",\"width\":202,\"height\":202},{\"@type\":\"BreadcrumbList\",\"@id\":\"https:\/\/staging2.irisemacao.com\/index.php\/blog\/#breadcrumb\",\"itemListElement\":[{\"@type\":\"ListItem\",\"position\":1,\"name\":\"In\u00edcio\",\"item\":\"https:\/\/staging2.irisemacao.com\/\"},{\"@type\":\"ListItem\",\"position\":2,\"name\":\"Blog\"}]},{\"@type\":\"WebSite\",\"@id\":\"https:\/\/staging2.irisemacao.com\/#website\",\"url\":\"https:\/\/staging2.irisemacao.com\/\",\"name\":\"Advocate - Your voice for justice\",\"description\":\"Se voc\u00ea tem algum problema legal em sua vida, n\u00f3s estamos dispon\u00edveis.\",\"publisher\":{\"@id\":\"https:\/\/staging2.irisemacao.com\/#organization\"},\"potentialAction\":[{\"@type\":\"SearchAction\",\"target\":{\"@type\":\"EntryPoint\",\"urlTemplate\":\"https:\/\/staging2.irisemacao.com\/?s={search_term_string}\"},\"query-input\":{\"@type\":\"PropertyValueSpecification\",\"valueRequired\":true,\"valueName\":\"search_term_string\"}}],\"inLanguage\":\"pt-BR\"},{\"@type\":\"Organization\",\"@id\":\"https:\/\/staging2.irisemacao.com\/#organization\",\"name\":\"Advocate - Your voice for justice\",\"url\":\"https:\/\/staging2.irisemacao.com\/\",\"logo\":{\"@type\":\"ImageObject\",\"inLanguage\":\"pt-BR\",\"@id\":\"https:\/\/staging2.irisemacao.com\/#\/schema\/logo\/image\/\",\"url\":\"https:\/\/staging2.irisemacao.com\/wp-content\/uploads\/2024\/12\/click.png\",\"contentUrl\":\"https:\/\/staging2.irisemacao.com\/wp-content\/uploads\/2024\/12\/click.png\",\"width\":600,\"height\":177,\"caption\":\"Advocate - Your voice for justice\"},\"image\":{\"@id\":\"https:\/\/staging2.irisemacao.com\/#\/schema\/logo\/image\/\"}}]}<\/script>\n<!-- \/ Yoast SEO plugin. -->","yoast_head_json":{"title":"Blog - Advocate - Your voice for justice","robots":{"index":"noindex","follow":"follow","max-snippet":"max-snippet:-1","max-image-preview":"max-image-preview:large","max-video-preview":"max-video-preview:-1"},"og_locale":"pt_BR","og_type":"article","og_title":"Blog - Advocate - Your voice for justice","og_description":"Blog Ver mais","og_url":"https:\/\/staging2.irisemacao.com\/index.php\/blog\/","og_site_name":"Advocate - Your voice for justice","article_modified_time":"2025-10-06T01:00:58+00:00","og_image":[{"width":202,"height":202,"url":"https:\/\/staging2.irisemacao.com\/wp-content\/uploads\/2024\/12\/favicon.png","type":"image\/png"}],"twitter_card":"summary_large_image","twitter_misc":{"Est. tempo de leitura":"1 minuto"},"schema":{"@context":"https:\/\/schema.org","@graph":[{"@type":"WebPage","@id":"https:\/\/staging2.irisemacao.com\/index.php\/blog\/","url":"https:\/\/staging2.irisemacao.com\/index.php\/blog\/","name":"Blog - Advocate - Your voice for justice","isPartOf":{"@id":"https:\/\/staging2.irisemacao.com\/#website"},"primaryImageOfPage":{"@id":"https:\/\/staging2.irisemacao.com\/index.php\/blog\/#primaryimage"},"image":{"@id":"https:\/\/staging2.irisemacao.com\/index.php\/blog\/#primaryimage"},"thumbnailUrl":"https:\/\/staging2.irisemacao.com\/wp-content\/uploads\/2024\/12\/favicon.png","datePublished":"2025-10-02T18:53:28+00:00","dateModified":"2025-10-06T01:00:58+00:00","breadcrumb":{"@id":"https:\/\/staging2.irisemacao.com\/index.php\/blog\/#breadcrumb"},"inLanguage":"pt-BR","potentialAction":[{"@type":"ReadAction","target":["https:\/\/staging2.irisemacao.com\/index.php\/blog\/"]}]},{"@type":"ImageObject","inLanguage":"pt-BR","@id":"https:\/\/staging2.irisemacao.com\/index.php\/blog\/#primaryimage","url":"https:\/\/staging2.irisemacao.com\/wp-content\/uploads\/2024\/12\/favicon.png","contentUrl":"https:\/\/staging2.irisemacao.com\/wp-content\/uploads\/2024\/12\/favicon.png","width":202,"height":202},{"@type":"BreadcrumbList","@id":"https:\/\/staging2.irisemacao.com\/index.php\/blog\/#breadcrumb","itemListElement":[{"@type":"ListItem","position":1,"name":"In\u00edcio","item":"https:\/\/staging2.irisemacao.com\/"},{"@type":"ListItem","position":2,"name":"Blog"}]},{"@type":"WebSite","@id":"https:\/\/staging2.irisemacao.com\/#website","url":"https:\/\/staging2.irisemacao.com\/","name":"Advocate - Your voice for justice","description":"Se voc\u00ea tem algum problema legal em sua vida, n\u00f3s estamos dispon\u00edveis.","publisher":{"@id":"https:\/\/staging2.irisemacao.com\/#organization"},"potentialAction":[{"@type":"SearchAction","target":{"@type":"EntryPoint","urlTemplate":"https:\/\/staging2.irisemacao.com\/?s={search_term_string}"},"query-input":{"@type":"PropertyValueSpecification","valueRequired":true,"valueName":"search_term_string"}}],"inLanguage":"pt-BR"},{"@type":"Organization","@id":"https:\/\/staging2.irisemacao.com\/#organization","name":"Advocate - Your voice for justice","url":"https:\/\/staging2.irisemacao.com\/","logo":{"@type":"ImageObject","inLanguage":"pt-BR","@id":"https:\/\/staging2.irisemacao.com\/#\/schema\/logo\/image\/","url":"https:\/\/staging2.irisemacao.com\/wp-content\/uploads\/2024\/12\/click.png","contentUrl":"https:\/\/staging2.irisemacao.com\/wp-content\/uploads\/2024\/12\/click.png","width":600,"height":177,"caption":"Advocate - Your voice for justice"},"image":{"@id":"https:\/\/staging2.irisemacao.com\/#\/schema\/logo\/image\/"}}]}},"_links":{"self":[{"href":"https:\/\/staging2.irisemacao.com\/index.php\/wp-json\/wp\/v2\/pages\/372","targetHints":{"allow":["GET"]}}],"collection":[{"href":"https:\/\/staging2.irisemacao.com\/index.php\/wp-json\/wp\/v2\/pages"}],"about":[{"href":"https:\/\/staging2.irisemacao.com\/index.php\/wp-json\/wp\/v2\/types\/page"}],"author":[{"embeddable":true,"href":"https:\/\/staging2.irisemacao.com\/index.php\/wp-json\/wp\/v2\/users\/1"}],"replies":[{"embeddable":true,"href":"https:\/\/staging2.irisemacao.com\/index.php\/wp-json\/wp\/v2\/comments?post=372"}],"version-history":[{"count":20,"href":"https:\/\/staging2.irisemacao.com\/index.php\/wp-json\/wp\/v2\/pages\/372\/revisions"}],"predecessor-version":[{"id":517,"href":"https:\/\/staging2.irisemacao.com\/index.php\/wp-json\/wp\/v2\/pages\/372\/revisions\/517"}],"wp:featuredmedia":[{"embeddable":true,"href":"https:\/\/staging2.irisemacao.com\/index.php\/wp-json\/wp\/v2\/media\/29"}],"wp:attachment":[{"href":"https:\/\/staging2.irisemacao.com\/index.php\/wp-json\/wp\/v2\/media?parent=372"}],"curies":[{"name":"wp","href":"https:\/\/api.w.org\/{rel}","templated":true}]}}